{"id":1524,"date":"2024-01-10T11:02:10","date_gmt":"2024-01-10T11:02:10","guid":{"rendered":"https:\/\/passosella-resort.com\/cookie-policy\/"},"modified":"2024-01-10T11:08:40","modified_gmt":"2024-01-10T11:08:40","slug":"cookie-policy","status":"publish","type":"page","link":"https:\/\/passosella-resort.com\/de\/cookie-policy\/","title":{"rendered":"Cookie Policy"},"content":{"rendered":"<style>\n    a.cky-banner-element {<br \/>\n        padding: 8px 30px;<br \/>\n        background: #F8F9FA;<br \/>\n        color: #858A8F;<br \/>\n        border: 1px solid #DEE2E6;<br \/>\n        box-sizing: border-box;<br \/>\n        border-radius: 2px;<br \/>\n        cursor: pointer;<br \/>\n}<br \/>\n<\/style>\n<h1 class=\"cookie-policy-h1\">Cookie Policy<\/h1>\n<p>Datum des Inkrafttretens: 10. Januar 2024<br \/>\nLetzte Aktualisierung: 10. Januar 2024<\/p>\n<p>&nbsp;<\/p>\n<h5>Was sind Cookies?<\/h5>\n<div class=\"cookie-policy-p\">\n<p>In dieser Cookie-Richtlinie wird erkl\u00e4rt, was Cookies sind und wie wir sie verwenden, welche Arten von Cookies wir verwenden, d. h. welche Informationen wir mithilfe von Cookies sammeln und wie diese Informationen verwendet werden, und wie die Cookie-Einstellungen verwaltet werden.<\/p>\n<p>Cookies sind kleine Textdateien, die zur Speicherung kleinerer Informationen verwendet werden. Sie werden auf Ihrem Ger\u00e4t gespeichert, wenn die Website in Ihrem Browser geladen wird. Diese Cookies helfen uns, die Website ordnungsgem\u00e4\u00df funktionieren zu lassen, sie sicherer zu machen, ein besseres Benutzererlebnis zu bieten und zu verstehen, wie die Website funktioniert, und zu analysieren, was funktioniert und wo Verbesserungen erforderlich sind.<\/p>\n<\/div>\n<p>&nbsp;<\/p>\n<h5>Wie verwenden wir Cookies?<\/h5>\n<div class=\"cookie-policy-p\">\n<p>Wie die meisten Online-Dienste verwendet unsere Website f\u00fcr verschiedene Zwecke Erst- und Drittanbieter-Cookies. Erstanbieter-Cookies sind in den meisten F\u00e4llen f\u00fcr die ordnungsgem\u00e4\u00dfe Funktion der Website erforderlich und erfassen keine personenbezogenen Daten von Ihnen.<\/p>\n<p>Die auf unserer Website verwendeten Cookies von Drittanbietern dienen haupts\u00e4chlich dazu, zu verstehen, wie die Website funktioniert, wie Sie mit unserer Website interagieren, unsere Dienste sicher zu halten, f\u00fcr Sie relevante Werbung bereitzustellen und Ihnen insgesamt einen besseren und verbesserten Benutzer zu bieten Erfahrung und helfen Sie dabei, Ihre zuk\u00fcnftigen Interaktionen mit unserer Website zu beschleunigen.<\/p>\n<\/div>\n<p>&nbsp;<\/p>\n<h5>Arten von Cookies, die wir verwenden<\/h5>\n<div class=\"cky-audit-table-element\"><\/div>\n<p>&nbsp;<\/p>\n<h5 style=\"margin-bottom: 20px;\">Cookie-Einstellungen verwalten<\/h5>\n<p>Cookie-Einstellungen<\/p>\n<div>\n<p>Sie k\u00f6nnen Ihre Cookie-Einstellungen jederzeit \u00e4ndern, indem Sie auf die Schaltfl\u00e4che oben klicken. Dadurch k\u00f6nnen Sie das Cookie-Einwilligungsbanner erneut aufrufen und Ihre Einstellungen \u00e4ndern oder Ihre Einwilligung sofort widerrufen.<\/p>\n<p>Dar\u00fcber hinaus bieten verschiedene Browser unterschiedliche Methoden zum Blockieren und L\u00f6schen von Cookies, die von Websites verwendet werden. Sie k\u00f6nnen die Einstellungen Ihres Browsers \u00e4ndern, um die Cookies zu blockieren\/l\u00f6schen. Nachfolgend sind die Links zu den Supportdokumenten zum Verwalten und L\u00f6schen von Cookies in den wichtigsten Webbrowsern aufgef\u00fchrt.<\/p>\n<p>Chrome: <a href=\"https:\/\/support.google.com\/accounts\/answer\/32050\" target=\"_blank\" rel=\"noopener\">https:\/\/support.google.com\/accounts\/answer\/32050<\/a><\/p>\n<p>Safari: <a href=\"https:\/\/support.apple.com\/en-in\/guide\/safari\/sfri11471\/mac\" target=\"_blank\" rel=\"noopener\">https:\/\/support.apple.com\/en-in\/guide\/safari\/sfri11471\/mac<\/a><\/p>\n<p>Firefox: <a href=\"https:\/\/support.mozilla.org\/en-US\/kb\/clear-cookies-and-site-data-firefox?redirectslug=delete-cookies-remove-info-websites-stored&amp;redirectlocale=en-US\" target=\"_blank\" rel=\"noopener\">https:\/\/support.mozilla.org\/en-US\/kb\/clear-cookies-and-site-data-firefox?redirectslug=delete-cookies-remove-info-websites-stored&amp;redirectlocale=en-US<\/a><\/p>\n<p>Internet Explorer: <a href=\"https:\/\/support.microsoft.com\/en-us\/topic\/how-to-delete-cookie-files-in-internet-explorer-bca9446f-d873-78de-77ba-d42645fa52fc\" target=\"_blank\" rel=\"noopener\">https:\/\/support.microsoft.com\/en-us\/topic\/how-to-delete-cookie-files-in-internet-explorer-bca9446f-d873-78de-77ba-d42645fa52fc<\/a><\/p>\n<p>If you are using any other web browser, please visit your browser\u2019s official support documents.<\/p>\n<\/div>\n","protected":false},"excerpt":{"rendered":"<p>Cookie Policy Datum des Inkrafttretens: 10. Januar 2024 Letzte Aktualisierung: 10. Januar 2024 &nbsp; Was sind Cookies? In dieser Cookie-Richtlinie wird erkl\u00e4rt, was Cookies sind und wie wir sie verwenden,&#8230;<\/p>\n","protected":false},"author":2,"featured_media":0,"parent":0,"menu_order":0,"comment_status":"closed","ping_status":"closed","template":"","meta":{"footnotes":""},"class_list":["post-1524","page","type-page","status-publish"],"yoast_head":"<!-- This site is optimized with the Yoast SEO plugin v27.4 - https:\/\/yoast.com\/product\/yoast-seo-wordpress\/ -->\n<title>Cookie Policy - Passo Sella Dolomiti Mountain Resort<\/title>\n<meta name=\"robots\" content=\"index, follow, max-snippet:-1, max-image-preview:large, max-video-preview:-1\" \/>\n<link rel=\"canonical\" href=\"https:\/\/passosella-resort.com\/de\/cookie-policy\/\" \/>\n<meta property=\"og:locale\" content=\"de_DE\" \/>\n<meta property=\"og:type\" content=\"article\" \/>\n<meta property=\"og:title\" content=\"Cookie Policy - Passo Sella Dolomiti Mountain Resort\" \/>\n<meta property=\"og:description\" content=\"Cookie Policy Datum des Inkrafttretens: 10. Januar 2024 Letzte Aktualisierung: 10. Januar 2024 &nbsp; Was sind Cookies? In dieser Cookie-Richtlinie wird erkl\u00e4rt, was Cookies sind und wie wir sie verwenden,...\" \/>\n<meta property=\"og:url\" content=\"https:\/\/passosella-resort.com\/de\/cookie-policy\/\" \/>\n<meta property=\"og:site_name\" content=\"Passo Sella Dolomiti Mountain Resort\" \/>\n<meta property=\"article:publisher\" content=\"https:\/\/www.facebook.com\/PassoSellaDolomitiMountainResort\" \/>\n<meta property=\"article:modified_time\" content=\"2024-01-10T11:08:40+00:00\" \/>\n<meta name=\"twitter:card\" content=\"summary_large_image\" \/>\n<meta name=\"twitter:label1\" content=\"Gesch\u00e4tzte Lesezeit\" \/>\n\t<meta name=\"twitter:data1\" content=\"2\u00a0Minuten\" \/>\n<script type=\"application\/ld+json\" class=\"yoast-schema-graph\">{\"@context\":\"https:\\\/\\\/schema.org\",\"@graph\":[{\"@type\":\"WebPage\",\"@id\":\"https:\\\/\\\/passosella-resort.com\\\/de\\\/cookie-policy\\\/\",\"url\":\"https:\\\/\\\/passosella-resort.com\\\/de\\\/cookie-policy\\\/\",\"name\":\"Cookie Policy - Passo Sella Dolomiti Mountain Resort\",\"isPartOf\":{\"@id\":\"https:\\\/\\\/passosella-resort.com\\\/#website\"},\"datePublished\":\"2024-01-10T11:02:10+00:00\",\"dateModified\":\"2024-01-10T11:08:40+00:00\",\"breadcrumb\":{\"@id\":\"https:\\\/\\\/passosella-resort.com\\\/de\\\/cookie-policy\\\/#breadcrumb\"},\"inLanguage\":\"de\",\"potentialAction\":[{\"@type\":\"ReadAction\",\"target\":[\"https:\\\/\\\/passosella-resort.com\\\/de\\\/cookie-policy\\\/\"]}]},{\"@type\":\"BreadcrumbList\",\"@id\":\"https:\\\/\\\/passosella-resort.com\\\/de\\\/cookie-policy\\\/#breadcrumb\",\"itemListElement\":[{\"@type\":\"ListItem\",\"position\":1,\"name\":\"Home\",\"item\":\"https:\\\/\\\/passosella-resort.com\\\/de\\\/\"},{\"@type\":\"ListItem\",\"position\":2,\"name\":\"Cookie Policy\"}]},{\"@type\":\"WebSite\",\"@id\":\"https:\\\/\\\/passosella-resort.com\\\/#website\",\"url\":\"https:\\\/\\\/passosella-resort.com\\\/\",\"name\":\"Passo Sella Dolomiti Mountain Resort\",\"description\":\"\",\"publisher\":{\"@id\":\"https:\\\/\\\/passosella-resort.com\\\/#organization\"},\"potentialAction\":[{\"@type\":\"SearchAction\",\"target\":{\"@type\":\"EntryPoint\",\"urlTemplate\":\"https:\\\/\\\/passosella-resort.com\\\/?s={search_term_string}\"},\"query-input\":{\"@type\":\"PropertyValueSpecification\",\"valueRequired\":true,\"valueName\":\"search_term_string\"}}],\"inLanguage\":\"de\"},{\"@type\":\"Organization\",\"@id\":\"https:\\\/\\\/passosella-resort.com\\\/#organization\",\"name\":\"Passo Sella Dolomiti Mountain Resort\",\"url\":\"https:\\\/\\\/passosella-resort.com\\\/\",\"logo\":{\"@type\":\"ImageObject\",\"inLanguage\":\"de\",\"@id\":\"https:\\\/\\\/passosella-resort.com\\\/#\\\/schema\\\/logo\\\/image\\\/\",\"url\":\"https:\\\/\\\/passosella-resort.com\\\/wp-content\\\/uploads\\\/2024\\\/01\\\/ps_logo_dark.png\",\"contentUrl\":\"https:\\\/\\\/passosella-resort.com\\\/wp-content\\\/uploads\\\/2024\\\/01\\\/ps_logo_dark.png\",\"width\":156,\"height\":100,\"caption\":\"Passo Sella Dolomiti Mountain Resort\"},\"image\":{\"@id\":\"https:\\\/\\\/passosella-resort.com\\\/#\\\/schema\\\/logo\\\/image\\\/\"},\"sameAs\":[\"https:\\\/\\\/www.facebook.com\\\/PassoSellaDolomitiMountainResort\",\"https:\\\/\\\/www.instagram.com\\\/passoselladolomitiresort\\\/\"]}]}<\/script>\n<!-- \/ Yoast SEO plugin. -->","yoast_head_json":{"title":"Cookie Policy - Passo Sella Dolomiti Mountain Resort","robots":{"index":"index","follow":"follow","max-snippet":"max-snippet:-1","max-image-preview":"max-image-preview:large","max-video-preview":"max-video-preview:-1"},"canonical":"https:\/\/passosella-resort.com\/de\/cookie-policy\/","og_locale":"de_DE","og_type":"article","og_title":"Cookie Policy - Passo Sella Dolomiti Mountain Resort","og_description":"Cookie Policy Datum des Inkrafttretens: 10. Januar 2024 Letzte Aktualisierung: 10. Januar 2024 &nbsp; Was sind Cookies? In dieser Cookie-Richtlinie wird erkl\u00e4rt, was Cookies sind und wie wir sie verwenden,...","og_url":"https:\/\/passosella-resort.com\/de\/cookie-policy\/","og_site_name":"Passo Sella Dolomiti Mountain Resort","article_publisher":"https:\/\/www.facebook.com\/PassoSellaDolomitiMountainResort","article_modified_time":"2024-01-10T11:08:40+00:00","twitter_card":"summary_large_image","twitter_misc":{"Gesch\u00e4tzte Lesezeit":"2\u00a0Minuten"},"schema":{"@context":"https:\/\/schema.org","@graph":[{"@type":"WebPage","@id":"https:\/\/passosella-resort.com\/de\/cookie-policy\/","url":"https:\/\/passosella-resort.com\/de\/cookie-policy\/","name":"Cookie Policy - Passo Sella Dolomiti Mountain Resort","isPartOf":{"@id":"https:\/\/passosella-resort.com\/#website"},"datePublished":"2024-01-10T11:02:10+00:00","dateModified":"2024-01-10T11:08:40+00:00","breadcrumb":{"@id":"https:\/\/passosella-resort.com\/de\/cookie-policy\/#breadcrumb"},"inLanguage":"de","potentialAction":[{"@type":"ReadAction","target":["https:\/\/passosella-resort.com\/de\/cookie-policy\/"]}]},{"@type":"BreadcrumbList","@id":"https:\/\/passosella-resort.com\/de\/cookie-policy\/#breadcrumb","itemListElement":[{"@type":"ListItem","position":1,"name":"Home","item":"https:\/\/passosella-resort.com\/de\/"},{"@type":"ListItem","position":2,"name":"Cookie Policy"}]},{"@type":"WebSite","@id":"https:\/\/passosella-resort.com\/#website","url":"https:\/\/passosella-resort.com\/","name":"Passo Sella Dolomiti Mountain Resort","description":"","publisher":{"@id":"https:\/\/passosella-resort.com\/#organization"},"potentialAction":[{"@type":"SearchAction","target":{"@type":"EntryPoint","urlTemplate":"https:\/\/passosella-resort.com\/?s={search_term_string}"},"query-input":{"@type":"PropertyValueSpecification","valueRequired":true,"valueName":"search_term_string"}}],"inLanguage":"de"},{"@type":"Organization","@id":"https:\/\/passosella-resort.com\/#organization","name":"Passo Sella Dolomiti Mountain Resort","url":"https:\/\/passosella-resort.com\/","logo":{"@type":"ImageObject","inLanguage":"de","@id":"https:\/\/passosella-resort.com\/#\/schema\/logo\/image\/","url":"https:\/\/passosella-resort.com\/wp-content\/uploads\/2024\/01\/ps_logo_dark.png","contentUrl":"https:\/\/passosella-resort.com\/wp-content\/uploads\/2024\/01\/ps_logo_dark.png","width":156,"height":100,"caption":"Passo Sella Dolomiti Mountain Resort"},"image":{"@id":"https:\/\/passosella-resort.com\/#\/schema\/logo\/image\/"},"sameAs":["https:\/\/www.facebook.com\/PassoSellaDolomitiMountainResort","https:\/\/www.instagram.com\/passoselladolomitiresort\/"]}]}},"_links":{"self":[{"href":"https:\/\/passosella-resort.com\/de\/wp-json\/wp\/v2\/pages\/1524","targetHints":{"allow":["GET"]}}],"collection":[{"href":"https:\/\/passosella-resort.com\/de\/wp-json\/wp\/v2\/pages"}],"about":[{"href":"https:\/\/passosella-resort.com\/de\/wp-json\/wp\/v2\/types\/page"}],"author":[{"embeddable":true,"href":"https:\/\/passosella-resort.com\/de\/wp-json\/wp\/v2\/users\/2"}],"replies":[{"embeddable":true,"href":"https:\/\/passosella-resort.com\/de\/wp-json\/wp\/v2\/comments?post=1524"}],"version-history":[{"count":0,"href":"https:\/\/passosella-resort.com\/de\/wp-json\/wp\/v2\/pages\/1524\/revisions"}],"wp:attachment":[{"href":"https:\/\/passosella-resort.com\/de\/wp-json\/wp\/v2\/media?parent=1524"}],"curies":[{"name":"wp","href":"https:\/\/api.w.org\/{rel}","templated":true}]}}